{"id":855,"date":"2025-10-18T19:44:45","date_gmt":"2025-10-18T19:44:45","guid":{"rendered":"https:\/\/vpick.ch\/?post_type=product&#038;p=855"},"modified":"2025-10-18T20:06:31","modified_gmt":"2025-10-18T20:06:31","slug":"red-bull-the-winter-edition-sugarfree-250ml","status":"publish","type":"product","link":"https:\/\/vpick.ch\/en\/product\/red-bull-the-winter-edition-sugarfree-250ml\/","title":{"rendered":"Red Bull The Winter Edition Sugarfree 250ml"},"content":{"rendered":"<p>Le Red Bull The Winter Edition Sugarfree 2025 a un go\u00fbt de pomme Fuji et gingembre, combinant la douceur fruit\u00e9e de la pomme avec une touche chaleureuse et \u00e9pic\u00e9e de gingembre. Cette boisson est sans sucre et con\u00e7ue pour fournir de l&rsquo;\u00e9nergie pendant les mois d&rsquo;hiver.<span class=\"uJ19be notranslate\" data-wiz-uids=\"lOF1Wc_e,lOF1Wc_f\" data-processed=\"true\"><span class=\"vKEkVd\" data-animation-atomic=\"\" data-processed=\"true\">\u00a0<\/span><\/span><\/p>","protected":false},"excerpt":{"rendered":"<p>Le Red Bull The Winter Edition Sugarfree 2025 a un go\u00fbt de pomme Fuji et gingembre, combinant la douceur fruit\u00e9e de la pomme avec une touche chaleureuse et \u00e9pic\u00e9e de gingembre. Cette boisson est sans sucre et con\u00e7ue pour fournir de l&rsquo;\u00e9nergie pendant les mois d&rsquo;hiver.\u00a0<\/p>","protected":false},"featured_media":805,"comment_status":"closed","ping_status":"closed","template":"","meta":[],"product_brand":[],"product_cat":[69,78],"product_tag":[],"class_list":{"0":"post-855","1":"product","2":"type-product","3":"status-publish","4":"has-post-thumbnail","6":"product_cat-boissons","7":"product_cat-boissons-energetiques","9":"first","10":"instock","11":"taxable","12":"shipping-taxable","13":"purchasable","14":"product-type-simple"},"jetpack_sharing_enabled":true,"_links":{"self":[{"href":"https:\/\/vpick.ch\/en\/wp-json\/wp\/v2\/product\/855","targetHints":{"allow":["GET"]}}],"collection":[{"href":"https:\/\/vpick.ch\/en\/wp-json\/wp\/v2\/product"}],"about":[{"href":"https:\/\/vpick.ch\/en\/wp-json\/wp\/v2\/types\/product"}],"replies":[{"embeddable":true,"href":"https:\/\/vpick.ch\/en\/wp-json\/wp\/v2\/comments?post=855"}],"wp:featuredmedia":[{"embeddable":true,"href":"https:\/\/vpick.ch\/en\/wp-json\/wp\/v2\/media\/805"}],"wp:attachment":[{"href":"https:\/\/vpick.ch\/en\/wp-json\/wp\/v2\/media?parent=855"}],"wp:term":[{"taxonomy":"product_brand","embeddable":true,"href":"https:\/\/vpick.ch\/en\/wp-json\/wp\/v2\/product_brand?post=855"},{"taxonomy":"product_cat","embeddable":true,"href":"https:\/\/vpick.ch\/en\/wp-json\/wp\/v2\/product_cat?post=855"},{"taxonomy":"product_tag","embeddable":true,"href":"https:\/\/vpick.ch\/en\/wp-json\/wp\/v2\/product_tag?post=855"}],"curies":[{"name":"wp","href":"https:\/\/api.w.org\/{rel}","templated":true}]}}