{"id":853,"date":"2025-10-18T19:39:44","date_gmt":"2025-10-18T19:39:44","guid":{"rendered":"https:\/\/vpick.ch\/?post_type=product&#038;p=853"},"modified":"2025-10-18T19:42:06","modified_gmt":"2025-10-18T19:42:06","slug":"red-bull-the-spring-edition-250ml","status":"publish","type":"product","link":"https:\/\/vpick.ch\/en\/product\/red-bull-the-spring-edition-250ml\/","title":{"rendered":"Red Bull The Spring Edition 250ml"},"content":{"rendered":"<p>Red Bull Peach Edition offre un go\u00fbt de <strong>framboise<\/strong> assez prononc\u00e9 avec \u00e9galement des notes de <strong>myrtille et de fraise.<\/strong><\/p>","protected":false},"excerpt":{"rendered":"<p>Red Bull Peach Edition offre un go\u00fbt de framboise assez prononc\u00e9 avec \u00e9galement des notes de myrtille et de fraise.<\/p>","protected":false},"featured_media":812,"comment_status":"closed","ping_status":"closed","template":"","meta":[],"product_brand":[],"product_cat":[69,78],"product_tag":[],"class_list":{"0":"post-853","1":"product","2":"type-product","3":"status-publish","4":"has-post-thumbnail","6":"product_cat-boissons","7":"product_cat-boissons-energetiques","9":"first","10":"instock","11":"taxable","12":"shipping-taxable","13":"purchasable","14":"product-type-simple"},"jetpack_sharing_enabled":true,"_links":{"self":[{"href":"https:\/\/vpick.ch\/en\/wp-json\/wp\/v2\/product\/853","targetHints":{"allow":["GET"]}}],"collection":[{"href":"https:\/\/vpick.ch\/en\/wp-json\/wp\/v2\/product"}],"about":[{"href":"https:\/\/vpick.ch\/en\/wp-json\/wp\/v2\/types\/product"}],"replies":[{"embeddable":true,"href":"https:\/\/vpick.ch\/en\/wp-json\/wp\/v2\/comments?post=853"}],"wp:featuredmedia":[{"embeddable":true,"href":"https:\/\/vpick.ch\/en\/wp-json\/wp\/v2\/media\/812"}],"wp:attachment":[{"href":"https:\/\/vpick.ch\/en\/wp-json\/wp\/v2\/media?parent=853"}],"wp:term":[{"taxonomy":"product_brand","embeddable":true,"href":"https:\/\/vpick.ch\/en\/wp-json\/wp\/v2\/product_brand?post=853"},{"taxonomy":"product_cat","embeddable":true,"href":"https:\/\/vpick.ch\/en\/wp-json\/wp\/v2\/product_cat?post=853"},{"taxonomy":"product_tag","embeddable":true,"href":"https:\/\/vpick.ch\/en\/wp-json\/wp\/v2\/product_tag?post=853"}],"curies":[{"name":"wp","href":"https:\/\/api.w.org\/{rel}","templated":true}]}}