{"id":851,"date":"2025-10-18T19:35:04","date_gmt":"2025-10-18T19:35:04","guid":{"rendered":"https:\/\/vpick.ch\/?post_type=product&#038;p=851"},"modified":"2025-10-18T19:38:18","modified_gmt":"2025-10-18T19:38:18","slug":"red-bull-the-ice-edition-250ml","status":"publish","type":"product","link":"https:\/\/vpick.ch\/en\/product\/red-bull-the-ice-edition-250ml\/","title":{"rendered":"Red Bull The Ice Edition 250ml"},"content":{"rendered":"<p>Red Bull Iced Gummy Bear propose une\u00a0<b>saveur fruit\u00e9e et sucr\u00e9e, \u00e9voquant le go\u00fbt des oursons g\u00e9lifi\u00e9s<\/b>, tout en conservant les bienfaits \u00e9nerg\u00e9tiques de Red Bull.<\/p>","protected":false},"excerpt":{"rendered":"<p>Red Bull Iced Gummy Bear propose une\u00a0saveur fruit\u00e9e et sucr\u00e9e, \u00e9voquant le go\u00fbt des oursons g\u00e9lifi\u00e9s, tout en conservant les bienfaits \u00e9nerg\u00e9tiques de Red Bull.<\/p>","protected":false},"featured_media":800,"comment_status":"closed","ping_status":"closed","template":"","meta":[],"product_brand":[],"product_cat":[69,78],"product_tag":[],"class_list":{"0":"post-851","1":"product","2":"type-product","3":"status-publish","4":"has-post-thumbnail","6":"product_cat-boissons","7":"product_cat-boissons-energetiques","9":"first","10":"instock","11":"taxable","12":"shipping-taxable","13":"purchasable","14":"product-type-simple"},"jetpack_sharing_enabled":true,"_links":{"self":[{"href":"https:\/\/vpick.ch\/en\/wp-json\/wp\/v2\/product\/851","targetHints":{"allow":["GET"]}}],"collection":[{"href":"https:\/\/vpick.ch\/en\/wp-json\/wp\/v2\/product"}],"about":[{"href":"https:\/\/vpick.ch\/en\/wp-json\/wp\/v2\/types\/product"}],"replies":[{"embeddable":true,"href":"https:\/\/vpick.ch\/en\/wp-json\/wp\/v2\/comments?post=851"}],"wp:featuredmedia":[{"embeddable":true,"href":"https:\/\/vpick.ch\/en\/wp-json\/wp\/v2\/media\/800"}],"wp:attachment":[{"href":"https:\/\/vpick.ch\/en\/wp-json\/wp\/v2\/media?parent=851"}],"wp:term":[{"taxonomy":"product_brand","embeddable":true,"href":"https:\/\/vpick.ch\/en\/wp-json\/wp\/v2\/product_brand?post=851"},{"taxonomy":"product_cat","embeddable":true,"href":"https:\/\/vpick.ch\/en\/wp-json\/wp\/v2\/product_cat?post=851"},{"taxonomy":"product_tag","embeddable":true,"href":"https:\/\/vpick.ch\/en\/wp-json\/wp\/v2\/product_tag?post=851"}],"curies":[{"name":"wp","href":"https:\/\/api.w.org\/{rel}","templated":true}]}}