{"id":35,"date":"2016-08-04T11:15:19","date_gmt":"2016-08-04T11:15:19","guid":{"rendered":"http:\/\/flatsome.dev\/?page_id=8412"},"modified":"2025-10-21T18:14:44","modified_gmt":"2025-10-21T18:14:44","slug":"nos-magasins","status":"publish","type":"page","link":"https:\/\/vpick.ch\/en\/nos-magasins\/","title":{"rendered":"Our shops"},"content":{"rendered":"<div class=\"banner has-hover has-parallax\" id=\"banner-1529048853\">\n          <div class=\"banner-inner fill\">\n        <div class=\"banner-bg fill\" data-parallax=\"-2\" data-parallax-container=\".banner\" data-parallax-background>\n            <img loading=\"lazy\" decoding=\"async\" width=\"1000\" height=\"650\" src=\"https:\/\/vpick.ch\/wp-content\/uploads\/2016\/08\/dummy-2.jpg\" class=\"bg attachment-large size-large\" alt=\"\" \/>                        <div class=\"overlay\"><\/div>            \n                    <\/div>\n\t\t\n        <div class=\"banner-layers container\">\n            <div class=\"fill banner-link\"><\/div>            \n\n   <div id=\"text-box-370992455\" class=\"text-box banner-layer x50 md-x50 lg-x50 y50 md-y50 lg-y50 res-text\">\n                                <div class=\"text-box-content text dark\">\n              \n              <div class=\"text-inner text-center\">\n                  \n\n<h3 class=\"uppercase\"><strong>Nos Magasins<\/strong><\/h3>\n\n<div class=\"is-divider divider clearfix\" ><\/div>\n\n<div class=\"social-icons share-icons share-row relative\" ><span class=\"share-icons-title\">Partagez avec vos amis<\/span><a href=\"whatsapp:\/\/send?text=Nos%20magasins - https:\/\/vpick.ch\/en\/nos-magasins\/\" data-action=\"share\/whatsapp\/share\" class=\"icon button circle is-outline tooltip whatsapp show-for-medium\" title=\"Share on WhatsApp\" aria-label=\"Share on WhatsApp\"><i class=\"icon-whatsapp\" aria-hidden=\"true\"><\/i><\/a><a href=\"https:\/\/www.facebook.com\/sharer.php?u=https:\/\/vpick.ch\/en\/nos-magasins\/\" data-label=\"Facebook\" onclick=\"window.open(this.href,this.title,'width=500,height=500,top=300px,left=300px'); return false;\" target=\"_blank\" class=\"icon button circle is-outline tooltip facebook\" title=\"Share on Facebook\" aria-label=\"Share on Facebook\" rel=\"noopener nofollow\"><i class=\"icon-facebook\" aria-hidden=\"true\"><\/i><\/a><a href=\"https:\/\/twitter.com\/share?url=https:\/\/vpick.ch\/en\/nos-magasins\/\" onclick=\"window.open(this.href,this.title,'width=500,height=500,top=300px,left=300px'); return false;\" target=\"_blank\" class=\"icon button circle is-outline tooltip twitter\" title=\"Share on Twitter\" aria-label=\"Share on Twitter\" rel=\"noopener nofollow\"><i class=\"icon-twitter\" aria-hidden=\"true\"><\/i><\/a><a href=\"mailto:?subject=Nos%20magasins&body=Check%20this%20out%3A%20https%3A%2F%2Fvpick.ch%2Fen%2Fnos-magasins%2F\" class=\"icon button circle is-outline tooltip email\" title=\"Email to a Friend\" aria-label=\"Email to a Friend\" rel=\"nofollow\"><i class=\"icon-envelop\" aria-hidden=\"true\"><\/i><\/a><a href=\"https:\/\/pinterest.com\/pin\/create\/button?url=https:\/\/vpick.ch\/en\/nos-magasins\/&media=https:\/\/vpick.ch\/wp-content\/uploads\/2016\/08\/dummy-1.jpg&description=Nos%20magasins\" onclick=\"window.open(this.href,this.title,'width=500,height=500,top=300px,left=300px'); return false;\" target=\"_blank\" class=\"icon button circle is-outline tooltip pinterest\" title=\"Pin on Pinterest\" aria-label=\"Pin on Pinterest\" rel=\"noopener nofollow\"><i class=\"icon-pinterest\" aria-hidden=\"true\"><\/i><\/a><a href=\"https:\/\/www.linkedin.com\/shareArticle?mini=true&url=https:\/\/vpick.ch\/en\/nos-magasins\/&title=Nos%20magasins\" onclick=\"window.open(this.href,this.title,'width=500,height=500,top=300px,left=300px'); return false;\" target=\"_blank\" class=\"icon button circle is-outline tooltip linkedin\" title=\"Share on LinkedIn\" aria-label=\"Share on LinkedIn\" rel=\"noopener nofollow\"><i class=\"icon-linkedin\" aria-hidden=\"true\"><\/i><\/a><\/div>\n\n\n              <\/div>\n           <\/div>\n                            \n<style>\n#text-box-370992455 {\n  width: 60%;\n}\n#text-box-370992455 .text-box-content {\n  font-size: 100%;\n}\n@media (min-width:550px) {\n  #text-box-370992455 {\n    width: 68%;\n  }\n}\n<\/style>\n    <\/div>\n \n\n        <\/div>\n      <\/div>\n\n            \n<style>\n#banner-1529048853 {\n  padding-top: 300px;\n}\n#banner-1529048853 .overlay {\n  background-color: rgba(0, 0, 0, 0.2);\n}\n<\/style>\n  <\/div>\n\n\n<div class=\"row\"  id=\"row-1769945061\">\n\n\n\t<div id=\"col-407597950\" class=\"col small-12 large-12\"  >\n\t\t\t\t<div class=\"col-inner\"  >\n\t\t\t\n\t\t\t\n\n<p class=\"lead\">Depuis 2023, Villmart S\u00e0rl exploite des distributeurs automatiques sous la marque VPick, d\u00e9di\u00e9s aux produits alimentaires emball\u00e9s et aux produits du tabac. <br \/>Notre concept kiosk autonome 24\/7 est actuellement en service \u00e0 Courtepin et \u00e0 Fribourg. <br \/> Nos distributeurs \u00e0 cigarettes sont activement en service dans diff\u00e9rents restaurants avec leurs horaires respectives. <\/p>\n\n<div class=\"container section-title-container\" ><h1 class=\"section-title section-title-center\"><b aria-hidden=\"true\"><\/b><span class=\"section-title-main\" >VPICK 24\/7<\/span><b aria-hidden=\"true\"><\/b><\/h1><\/div>\n\n\n\t\t<div class=\"tabbed-content\">\n\t\t\t\n\t\t\t<ul class=\"nav nav-line nav-vertical nav-uppercase nav-size-normal nav-left\" role=\"tablist\"><li id=\"tab-vpick-fribourg\" class=\"tab active has-icon\" role=\"presentation\"><a href=\"#tab_vpick-fribourg\" role=\"tab\" aria-selected=\"true\" aria-controls=\"tab_vpick-fribourg\"><span>VPICK Fribourg<\/span><\/a><\/li>\n<li id=\"tab-vpick-courtepin\" class=\"tab has-icon\" role=\"presentation\"><a href=\"#tab_vpick-courtepin\" tabindex=\"-1\" role=\"tab\" aria-selected=\"false\" aria-controls=\"tab_vpick-courtepin\"><span>VPICK Courtepin<\/span><\/a><\/li><\/ul><div class=\"tab-panels\"><div id=\"tab_vpick-fribourg\" class=\"panel active entry-content\" role=\"tabpanel\" aria-labelledby=\"tab-vpick-fribourg\">\n\n\n\t<script type=\"text\/javascript\">\n  jQuery( document ).ready(function() {\n    function initialize() {\n        var styles = {\n            'flatsome':  [{\n            \"featureType\": \"administrative\",\n            \"stylers\": [\n              { \"visibility\": \"on\" }\n            ]\n          },\n          {\n            \"featureType\": \"road\",\n            \"stylers\": [\n              { \"visibility\": \"on\" },\n              { \"hue\": \"\" }\n            ]\n          },\n          {\n            \"stylers\": [\n\t\t\t  { \"visibility\": \"on\" },\n\t\t\t  { \"hue\": \"\" },\n\t\t\t  { \"saturation\": -58 }\n            ]\n          }\n        ]};\n\n        var myLatlng = new google.maps.LatLng(46.799, 7.15316);\n        var myOptions = {\n            zoom: 15,\n            center: myLatlng,\n            mapTypeId: google.maps.MapTypeId.ROADMAP,\n            disableDefaultUI: true,\n            mapTypeId: 'flatsome',\n            draggable: true,\n            zoomControl: false,\n            zoomControlOptions: {\n              position: google.maps.ControlPosition.TOP_LEFT\n            },\n      \t\t\tmapTypeControl: false,\n            mapTypeControlOptions: {\n              position: google.maps.ControlPosition.TOP_LEFT\n            },\n      \t\t\tstreetViewControl: false,\n            streetViewControlOptions: {\n              position: google.maps.ControlPosition.TOP_LEFT\n            },\n            scrollwheel: false,\n            disableDoubleClickZoom: true\n        }\n        var map = new google.maps.Map(document.getElementById(\"map-3624893407-inner\"), myOptions);\n        var styledMapType = new google.maps.StyledMapType(styles['flatsome'], {name: 'flatsome'});\n        map.mapTypes.set('flatsome', styledMapType);\n\n        var marker = new google.maps.Marker({\n            position: myLatlng,\n            map: map,\n            title:\"\"\n        });\n    }\n\n    \/\/ Required to proceed\n    if (!(typeof google === 'object' && typeof google.maps === 'object')) {\n      return\n    }\n\n    initialize()\n    google.maps.event.addDomListener(window, 'resize', initialize);\n    });\n    <\/script>\n\n    <div class=\"google-map relative mb\" id=\"map-3624893407\">\n        <div class=\"map-height\" id=\"map-3624893407-inner\"><\/div>\n        <div id=\"map_overlay_top\"><\/div>\n        <div id=\"map_overlay_bottom\"><\/div>\n                  <div class=\"map_inner map-inner last-reset absolute x100 md-x100 lg-x100 y85 md-y85 lg-y85\">\n              \n\n<a data-animate=\"bounceIn\" href=\"https:\/\/maps.app.goo.gl\/JDhFawvKzoy6wisv6\" class=\"button primary is-small\" style=\"border-radius:8px;\">\n\t\t<span>FInd your VPICK<\/span>\n\t<\/a>\n\n\n\n         <\/div>\n       \n       \n<style>\n#map-3624893407 .map-inner {\n  background-color: #fff;\n  max-width: 22%;\n}\n#map-3624893407 .map-height {\n  height: 400px;\n}\n<\/style>\n    <\/div>\n\n\t\n\n<\/div>\n<div id=\"tab_vpick-courtepin\" class=\"panel entry-content\" role=\"tabpanel\" aria-labelledby=\"tab-vpick-courtepin\">\n\n\n\t<script type=\"text\/javascript\">\n  jQuery( document ).ready(function() {\n    function initialize() {\n        var styles = {\n            'flatsome':  [{\n            \"featureType\": \"administrative\",\n            \"stylers\": [\n              { \"visibility\": \"on\" }\n            ]\n          },\n          {\n            \"featureType\": \"road\",\n            \"stylers\": [\n              { \"visibility\": \"on\" },\n              { \"hue\": \"\" }\n            ]\n          },\n          {\n            \"stylers\": [\n\t\t\t  { \"visibility\": \"on\" },\n\t\t\t  { \"hue\": \"\" },\n\t\t\t  { \"saturation\": -30 }\n            ]\n          }\n        ]};\n\n        var myLatlng = new google.maps.LatLng(46.86895, 7.12226);\n        var myOptions = {\n            zoom: 17,\n            center: myLatlng,\n            mapTypeId: google.maps.MapTypeId.ROADMAP,\n            disableDefaultUI: true,\n            mapTypeId: 'flatsome',\n            draggable: true,\n            zoomControl: false,\n            zoomControlOptions: {\n              position: google.maps.ControlPosition.TOP_LEFT\n            },\n      \t\t\tmapTypeControl: false,\n            mapTypeControlOptions: {\n              position: google.maps.ControlPosition.TOP_LEFT\n            },\n      \t\t\tstreetViewControl: false,\n            streetViewControlOptions: {\n              position: google.maps.ControlPosition.TOP_LEFT\n            },\n            scrollwheel: false,\n            disableDoubleClickZoom: true\n        }\n        var map = new google.maps.Map(document.getElementById(\"map-4140168078-inner\"), myOptions);\n        var styledMapType = new google.maps.StyledMapType(styles['flatsome'], {name: 'flatsome'});\n        map.mapTypes.set('flatsome', styledMapType);\n\n        var marker = new google.maps.Marker({\n            position: myLatlng,\n            map: map,\n            title:\"\"\n        });\n    }\n\n    \/\/ Required to proceed\n    if (!(typeof google === 'object' && typeof google.maps === 'object')) {\n      return\n    }\n\n    initialize()\n    google.maps.event.addDomListener(window, 'resize', initialize);\n    });\n    <\/script>\n\n    <div class=\"google-map relative mb\" id=\"map-4140168078\">\n        <div class=\"map-height\" id=\"map-4140168078-inner\"><\/div>\n        <div id=\"map_overlay_top\"><\/div>\n        <div id=\"map_overlay_bottom\"><\/div>\n                  <div class=\"map_inner map-inner last-reset absolute x100 md-x100 lg-x100 y85 md-y85 lg-y85\">\n              \n\n<a data-animate=\"bounceIn\" href=\"https:\/\/maps.app.goo.gl\/BqPR2gjWgHQuqL7KA\" class=\"button primary is-small\" style=\"border-radius:10px;\">\n\t\t<span>Find your VPick<\/span>\n\t<\/a>\n\n\n\n         <\/div>\n       \n       \n<style>\n#map-4140168078 .map-inner {\n  background-color: #fff;\n  max-width: 22%;\n}\n#map-4140168078 .map-height {\n  height: 400px;\n}\n<\/style>\n    <\/div>\n\n\t\n\n<\/div><\/div><\/div>\n<div class=\"is-divider divider clearfix\" ><\/div>\n\n<div class=\"container section-title-container\" ><h1 class=\"section-title section-title-center\"><b aria-hidden=\"true\"><\/b><span class=\"section-title-main\" >VPICK Cigarettes<\/span><b aria-hidden=\"true\"><\/b><\/h1><\/div>\n\n\n\t\t<div class=\"tabbed-content\">\n\t\t\t\n\t\t\t<ul class=\"nav nav-line nav-vertical nav-uppercase nav-size-normal nav-left\" role=\"tablist\"><li id=\"tab-vpick-fribourg-24\/7\" class=\"tab active has-icon\" role=\"presentation\"><a href=\"#tab_vpick-fribourg-24\/7\" role=\"tab\" aria-selected=\"true\" aria-controls=\"tab_vpick-fribourg-24\/7\"><span>VPICK FRIBOURG 24\/7<\/span><\/a><\/li>\n<li id=\"tab-pizzeria-la-vendetta---avenches\" class=\"tab has-icon\" role=\"presentation\"><a href=\"#tab_pizzeria-la-vendetta---avenches\" tabindex=\"-1\" role=\"tab\" aria-selected=\"false\" aria-controls=\"tab_pizzeria-la-vendetta---avenches\"><span>PIZZERIA LA VENDETTA - AVENCHES<\/span><\/a><\/li>\n<li id=\"tab-caf\u00e9-de-la-gare---domdidier\" class=\"tab has-icon\" role=\"presentation\"><a href=\"#tab_caf\u00e9-de-la-gare---domdidier\" tabindex=\"-1\" role=\"tab\" aria-selected=\"false\" aria-controls=\"tab_caf\u00e9-de-la-gare---domdidier\"><span>CAF\u00e9 DE LA GARE - DOMDIDIER<\/span><\/a><\/li>\n<li id=\"tab-pizzaphone---courtepin\" class=\"tab has-icon\" role=\"presentation\"><a href=\"#tab_pizzaphone---courtepin\" tabindex=\"-1\" role=\"tab\" aria-selected=\"false\" aria-controls=\"tab_pizzaphone---courtepin\"><span>PIZZAPHONE - COURTEPIN<\/span><\/a><\/li><\/ul><div class=\"tab-panels\"><div id=\"tab_vpick-fribourg-24\/7\" class=\"panel active entry-content\" role=\"tabpanel\" aria-labelledby=\"tab-vpick-fribourg-24\/7\">\n\n\n\t<script type=\"text\/javascript\">\n  jQuery( document ).ready(function() {\n    function initialize() {\n        var styles = {\n            'flatsome':  [{\n            \"featureType\": \"administrative\",\n            \"stylers\": [\n              { \"visibility\": \"on\" }\n            ]\n          },\n          {\n            \"featureType\": \"road\",\n            \"stylers\": [\n              { \"visibility\": \"on\" },\n              { \"hue\": \"\" }\n            ]\n          },\n          {\n            \"stylers\": [\n\t\t\t  { \"visibility\": \"on\" },\n\t\t\t  { \"hue\": \"\" },\n\t\t\t  { \"saturation\": -58 }\n            ]\n          }\n        ]};\n\n        var myLatlng = new google.maps.LatLng(46.799, 7.15316);\n        var myOptions = {\n            zoom: 15,\n            center: myLatlng,\n            mapTypeId: google.maps.MapTypeId.ROADMAP,\n            disableDefaultUI: true,\n            mapTypeId: 'flatsome',\n            draggable: true,\n            zoomControl: false,\n            zoomControlOptions: {\n              position: google.maps.ControlPosition.TOP_LEFT\n            },\n      \t\t\tmapTypeControl: false,\n            mapTypeControlOptions: {\n              position: google.maps.ControlPosition.TOP_LEFT\n            },\n      \t\t\tstreetViewControl: false,\n            streetViewControlOptions: {\n              position: google.maps.ControlPosition.TOP_LEFT\n            },\n            scrollwheel: false,\n            disableDoubleClickZoom: true\n        }\n        var map = new google.maps.Map(document.getElementById(\"map-2680542471-inner\"), myOptions);\n        var styledMapType = new google.maps.StyledMapType(styles['flatsome'], {name: 'flatsome'});\n        map.mapTypes.set('flatsome', styledMapType);\n\n        var marker = new google.maps.Marker({\n            position: myLatlng,\n            map: map,\n            title:\"\"\n        });\n    }\n\n    \/\/ Required to proceed\n    if (!(typeof google === 'object' && typeof google.maps === 'object')) {\n      return\n    }\n\n    initialize()\n    google.maps.event.addDomListener(window, 'resize', initialize);\n    });\n    <\/script>\n\n    <div class=\"google-map relative mb\" id=\"map-2680542471\">\n        <div class=\"map-height\" id=\"map-2680542471-inner\"><\/div>\n        <div id=\"map_overlay_top\"><\/div>\n        <div id=\"map_overlay_bottom\"><\/div>\n                  <div class=\"map_inner map-inner last-reset absolute x100 md-x100 lg-x100 y85 md-y85 lg-y85\">\n              \n\n<a data-animate=\"bounceIn\" href=\"https:\/\/maps.app.goo.gl\/JDhFawvKzoy6wisv6\" class=\"button primary is-small\" style=\"border-radius:8px;\">\n\t\t<span>FInd your VPICK-ci<\/span>\n\t<\/a>\n\n\n\n         <\/div>\n       \n       \n<style>\n#map-2680542471 .map-inner {\n  background-color: #fff;\n  max-width: 22%;\n}\n#map-2680542471 .map-height {\n  height: 400px;\n}\n<\/style>\n    <\/div>\n\n\t\n\n<\/div>\n<div id=\"tab_pizzeria-la-vendetta---avenches\" class=\"panel entry-content\" role=\"tabpanel\" aria-labelledby=\"tab-pizzeria-la-vendetta---avenches\">\n\n\n\t<script type=\"text\/javascript\">\n  jQuery( document ).ready(function() {\n    function initialize() {\n        var styles = {\n            'flatsome':  [{\n            \"featureType\": \"administrative\",\n            \"stylers\": [\n              { \"visibility\": \"on\" }\n            ]\n          },\n          {\n            \"featureType\": \"road\",\n            \"stylers\": [\n              { \"visibility\": \"on\" },\n              { \"hue\": \"\" }\n            ]\n          },\n          {\n            \"stylers\": [\n\t\t\t  { \"visibility\": \"on\" },\n\t\t\t  { \"hue\": \"\" },\n\t\t\t  { \"saturation\": -30 }\n            ]\n          }\n        ]};\n\n        var myLatlng = new google.maps.LatLng(46.88077, 7.042);\n        var myOptions = {\n            zoom: 16,\n            center: myLatlng,\n            mapTypeId: google.maps.MapTypeId.ROADMAP,\n            disableDefaultUI: true,\n            mapTypeId: 'flatsome',\n            draggable: true,\n            zoomControl: false,\n            zoomControlOptions: {\n              position: google.maps.ControlPosition.TOP_LEFT\n            },\n      \t\t\tmapTypeControl: false,\n            mapTypeControlOptions: {\n              position: google.maps.ControlPosition.TOP_LEFT\n            },\n      \t\t\tstreetViewControl: false,\n            streetViewControlOptions: {\n              position: google.maps.ControlPosition.TOP_LEFT\n            },\n            scrollwheel: false,\n            disableDoubleClickZoom: true\n        }\n        var map = new google.maps.Map(document.getElementById(\"map-1738678301-inner\"), myOptions);\n        var styledMapType = new google.maps.StyledMapType(styles['flatsome'], {name: 'flatsome'});\n        map.mapTypes.set('flatsome', styledMapType);\n\n        var marker = new google.maps.Marker({\n            position: myLatlng,\n            map: map,\n            title:\"\"\n        });\n    }\n\n    \/\/ Required to proceed\n    if (!(typeof google === 'object' && typeof google.maps === 'object')) {\n      return\n    }\n\n    initialize()\n    google.maps.event.addDomListener(window, 'resize', initialize);\n    });\n    <\/script>\n\n    <div class=\"google-map relative mb\" id=\"map-1738678301\">\n        <div class=\"map-height\" id=\"map-1738678301-inner\"><\/div>\n        <div id=\"map_overlay_top\"><\/div>\n        <div id=\"map_overlay_bottom\"><\/div>\n                  <div class=\"map_inner map-inner last-reset absolute x100 md-x100 lg-x100 y85 md-y85 lg-y85\">\n              \n\n<a data-animate=\"bounceIn\" href=\"https:\/\/maps.app.goo.gl\/TKqEruPPv6yyvGff7\" class=\"button primary is-small\" style=\"border-radius:10px;\">\n\t\t<span>Find your VPick-ci<\/span>\n\t<\/a>\n\n\n\n         <\/div>\n       \n       \n<style>\n#map-1738678301 .map-inner {\n  background-color: #fff;\n  max-width: 22%;\n}\n#map-1738678301 .map-height {\n  height: 400px;\n}\n<\/style>\n    <\/div>\n\n\t\n\n<\/div>\n<div id=\"tab_caf\u00e9-de-la-gare---domdidier\" class=\"panel entry-content\" role=\"tabpanel\" aria-labelledby=\"tab-caf\u00e9-de-la-gare---domdidier\">\n\n\n\t<script type=\"text\/javascript\">\n  jQuery( document ).ready(function() {\n    function initialize() {\n        var styles = {\n            'flatsome':  [{\n            \"featureType\": \"administrative\",\n            \"stylers\": [\n              { \"visibility\": \"on\" }\n            ]\n          },\n          {\n            \"featureType\": \"road\",\n            \"stylers\": [\n              { \"visibility\": \"on\" },\n              { \"hue\": \"\" }\n            ]\n          },\n          {\n            \"stylers\": [\n\t\t\t  { \"visibility\": \"on\" },\n\t\t\t  { \"hue\": \"\" },\n\t\t\t  { \"saturation\": -30 }\n            ]\n          }\n        ]};\n\n        var myLatlng = new google.maps.LatLng(46.8677, 7.0131);\n        var myOptions = {\n            zoom: 16,\n            center: myLatlng,\n            mapTypeId: google.maps.MapTypeId.ROADMAP,\n            disableDefaultUI: true,\n            mapTypeId: 'flatsome',\n            draggable: true,\n            zoomControl: false,\n            zoomControlOptions: {\n              position: google.maps.ControlPosition.TOP_LEFT\n            },\n      \t\t\tmapTypeControl: false,\n            mapTypeControlOptions: {\n              position: google.maps.ControlPosition.TOP_LEFT\n            },\n      \t\t\tstreetViewControl: false,\n            streetViewControlOptions: {\n              position: google.maps.ControlPosition.TOP_LEFT\n            },\n            scrollwheel: false,\n            disableDoubleClickZoom: true\n        }\n        var map = new google.maps.Map(document.getElementById(\"map-2719898620-inner\"), myOptions);\n        var styledMapType = new google.maps.StyledMapType(styles['flatsome'], {name: 'flatsome'});\n        map.mapTypes.set('flatsome', styledMapType);\n\n        var marker = new google.maps.Marker({\n            position: myLatlng,\n            map: map,\n            title:\"\"\n        });\n    }\n\n    \/\/ Required to proceed\n    if (!(typeof google === 'object' && typeof google.maps === 'object')) {\n      return\n    }\n\n    initialize()\n    google.maps.event.addDomListener(window, 'resize', initialize);\n    });\n    <\/script>\n\n    <div class=\"google-map relative mb\" id=\"map-2719898620\">\n        <div class=\"map-height\" id=\"map-2719898620-inner\"><\/div>\n        <div id=\"map_overlay_top\"><\/div>\n        <div id=\"map_overlay_bottom\"><\/div>\n                  <div class=\"map_inner map-inner last-reset absolute x100 md-x100 lg-x100 y100 md-y85 lg-y85\">\n              \n\n<a data-animate=\"bounceIn\" href=\"https:\/\/maps.app.goo.gl\/UZQ5daBfrvV2iSUV9\" class=\"button primary is-small\" style=\"border-radius:10px;\">\n\t\t<span>Find your Vpick-ci<\/span>\n\t<\/a>\n\n\n\n         <\/div>\n       \n       \n<style>\n#map-2719898620 .map-inner {\n  background-color: #fff;\n  max-width: 100%;\n}\n#map-2719898620 .map-height {\n  height: 400px;\n}\n@media (min-width:550px) {\n  #map-2719898620 .map-inner {\n    max-width: 40%;\n  }\n}\n@media (min-width:850px) {\n  #map-2719898620 .map-inner {\n    max-width: 22%;\n  }\n}\n<\/style>\n    <\/div>\n\n\t\n\n<\/div>\n<div id=\"tab_pizzaphone---courtepin\" class=\"panel entry-content\" role=\"tabpanel\" aria-labelledby=\"tab-pizzaphone---courtepin\">\n\n\n\t<script type=\"text\/javascript\">\n  jQuery( document ).ready(function() {\n    function initialize() {\n        var styles = {\n            'flatsome':  [{\n            \"featureType\": \"administrative\",\n            \"stylers\": [\n              { \"visibility\": \"on\" }\n            ]\n          },\n          {\n            \"featureType\": \"road\",\n            \"stylers\": [\n              { \"visibility\": \"on\" },\n              { \"hue\": \"\" }\n            ]\n          },\n          {\n            \"stylers\": [\n\t\t\t  { \"visibility\": \"on\" },\n\t\t\t  { \"hue\": \"\" },\n\t\t\t  { \"saturation\": -30 }\n            ]\n          }\n        ]};\n\n        var myLatlng = new google.maps.LatLng(46.869, 7.12261);\n        var myOptions = {\n            zoom: 17,\n            center: myLatlng,\n            mapTypeId: google.maps.MapTypeId.ROADMAP,\n            disableDefaultUI: true,\n            mapTypeId: 'flatsome',\n            draggable: true,\n            zoomControl: false,\n            zoomControlOptions: {\n              position: google.maps.ControlPosition.TOP_LEFT\n            },\n      \t\t\tmapTypeControl: false,\n            mapTypeControlOptions: {\n              position: google.maps.ControlPosition.TOP_LEFT\n            },\n      \t\t\tstreetViewControl: false,\n            streetViewControlOptions: {\n              position: google.maps.ControlPosition.TOP_LEFT\n            },\n            scrollwheel: false,\n            disableDoubleClickZoom: true\n        }\n        var map = new google.maps.Map(document.getElementById(\"map-2988560767-inner\"), myOptions);\n        var styledMapType = new google.maps.StyledMapType(styles['flatsome'], {name: 'flatsome'});\n        map.mapTypes.set('flatsome', styledMapType);\n\n        var marker = new google.maps.Marker({\n            position: myLatlng,\n            map: map,\n            title:\"\"\n        });\n    }\n\n    \/\/ Required to proceed\n    if (!(typeof google === 'object' && typeof google.maps === 'object')) {\n      return\n    }\n\n    initialize()\n    google.maps.event.addDomListener(window, 'resize', initialize);\n    });\n    <\/script>\n\n    <div class=\"google-map relative mb\" id=\"map-2988560767\">\n        <div class=\"map-height\" id=\"map-2988560767-inner\"><\/div>\n        <div id=\"map_overlay_top\"><\/div>\n        <div id=\"map_overlay_bottom\"><\/div>\n                  <div class=\"map_inner map-inner last-reset absolute x100 md-x100 lg-x100 y100 md-y85 lg-y85\">\n              \n\n<a data-animate=\"bounceIn\" href=\"https:\/\/maps.app.goo.gl\/5JXN2o4jGKMckMqg6\" class=\"button primary is-small\" style=\"border-radius:10px;\">\n\t\t<span>Find your vpick-ci<\/span>\n\t<\/a>\n\n\n\n         <\/div>\n       \n       \n<style>\n#map-2988560767 .map-inner {\n  background-color: #fff;\n  max-width: 100%;\n}\n#map-2988560767 .map-height {\n  height: 400px;\n}\n@media (min-width:550px) {\n  #map-2988560767 .map-inner {\n    max-width: 40%;\n  }\n}\n@media (min-width:850px) {\n  #map-2988560767 .map-inner {\n    max-width: 22%;\n  }\n}\n<\/style>\n    <\/div>\n\n\t\n\n<\/div><\/div><\/div>\n\n\t\t<\/div>\n\t\t\t\t\t<\/div>\n\n\t\n\n<\/div>","protected":false},"excerpt":{"rendered":"","protected":false},"author":1,"featured_media":18,"parent":0,"menu_order":0,"comment_status":"closed","ping_status":"closed","template":"page-blank.php","meta":{"footnotes":""},"class_list":["post-35","page","type-page","status-publish","has-post-thumbnail","hentry"],"jetpack_sharing_enabled":true,"_links":{"self":[{"href":"https:\/\/vpick.ch\/en\/wp-json\/wp\/v2\/pages\/35","targetHints":{"allow":["GET"]}}],"collection":[{"href":"https:\/\/vpick.ch\/en\/wp-json\/wp\/v2\/pages"}],"about":[{"href":"https:\/\/vpick.ch\/en\/wp-json\/wp\/v2\/types\/page"}],"author":[{"embeddable":true,"href":"https:\/\/vpick.ch\/en\/wp-json\/wp\/v2\/users\/1"}],"replies":[{"embeddable":true,"href":"https:\/\/vpick.ch\/en\/wp-json\/wp\/v2\/comments?post=35"}],"version-history":[{"count":14,"href":"https:\/\/vpick.ch\/en\/wp-json\/wp\/v2\/pages\/35\/revisions"}],"predecessor-version":[{"id":966,"href":"https:\/\/vpick.ch\/en\/wp-json\/wp\/v2\/pages\/35\/revisions\/966"}],"wp:featuredmedia":[{"embeddable":true,"href":"https:\/\/vpick.ch\/en\/wp-json\/wp\/v2\/media\/18"}],"wp:attachment":[{"href":"https:\/\/vpick.ch\/en\/wp-json\/wp\/v2\/media?parent=35"}],"curies":[{"name":"wp","href":"https:\/\/api.w.org\/{rel}","templated":true}]}}