{"id":1019,"date":"2025-12-31T12:57:58","date_gmt":"2025-12-31T12:57:58","guid":{"rendered":"https:\/\/vpick.ch\/?page_id=1019"},"modified":"2025-12-31T13:04:50","modified_gmt":"2025-12-31T13:04:50","slug":"apps","status":"publish","type":"page","link":"https:\/\/vpick.ch\/en\/apps\/","title":{"rendered":"APPS"},"content":{"rendered":"<section class=\"section dark has-parallax\" id=\"section_400504708\">\n\t\t<div class=\"section-bg fill\" data-parallax-container=\".section\" data-parallax-background data-parallax=\"-3\">\n\t\t\t<img loading=\"lazy\" decoding=\"async\" width=\"1000\" height=\"650\" src=\"https:\/\/vpick.ch\/wp-content\/uploads\/2016\/08\/dummy-2.jpg\" class=\"bg attachment- size-\" alt=\"\" \/>\t\t\t\t\t\t<div class=\"section-bg-overlay absolute fill\"><\/div>\n\t\t\t\n\n\t\t<\/div>\n\n\t\t\n\n\t\t<div class=\"section-content relative\">\n\t\t\t\n\n<div class=\"row\"  id=\"row-1944110656\">\n\n\n\t<div id=\"col-1105002932\" class=\"col small-12 large-12\"  >\n\t\t\t\t<div class=\"col-inner text-center\"  >\n\t\t\t\n\t\t\t\n\n<h1 class=\"uppercase\"><strong>t\u00e9l\u00e9chargez nos applications mobiles<\/strong><\/h1>\n<p class=\"lead\">Nos applications mobiles pour IOS et pour ANDROID seront disponibles dans quelques jours!<\/p>\n<p>Gr\u00e2ce \u00e0 notre application, vous pourriez, \u00e0 la fois entrer dans nos locaux physiques, \u00e0 la fois voir nos produits disponibles, en ligne uniquement et physiquement disponible dans nos distributeurs automatiques.<\/p>\n<p>Tr\u00e8s prochainement, nous allons \u00e9galement activer nos commandes en ligne afin que vous puissiez commander vos produits pr\u00e9f\u00e9r\u00e9es directement chez vous via La Poste.<\/p>\n\n\t\t<\/div>\n\t\t\t\t\n<style>\n#col-1105002932 > .col-inner {\n  padding: 5% 6% 0px 10%;\n}\n<\/style>\n\t<\/div>\n\n\t\n\n<\/div>\n\n\t\t<\/div>\n\n\t\t\n<style>\n#section_400504708 {\n  padding-top: 0px;\n  padding-bottom: 0px;\n  min-height: 424px;\n  background-color: rgb(41, 41, 41);\n}\n#section_400504708 .section-bg-overlay {\n  background-color: rgba(0, 0, 0, 0.19);\n}\n#section_400504708 .section-bg img {\n  object-position: 65% 40%;\n}\n<\/style>\n\t<\/section>\n\t\n\n\t<section class=\"section\" id=\"section_373757473\">\n\t\t<div class=\"section-bg fill\" >\n\t\t\t\t\t\t\t\t\t\n\t\t\t\n\n\t\t<\/div>\n\n\t\t\n\n\t\t<div class=\"section-content relative\">\n\t\t\t\n\n<div class=\"row\"  id=\"row-1801502660\">\n\n\n\t<div id=\"col-1828767520\" class=\"col medium-6 small-12 large-6\"  >\n\t\t\t\t<div class=\"col-inner\"  >\n\t\t\t\n\t\t\t\n\n<h3>Application Mobile pour IOS<\/h3>\n<p>Vous pouvez t\u00e9l\u00e9chargez tr\u00e8s prochainement notre application.<\/p>\n<a class=\"button primary\" >\n\t\t<span>APP STORE<\/span>\n\t<\/a>\n\n\n\n\t\t<\/div>\n\t\t\t\t\t<\/div>\n\n\t\n\n\t<div id=\"col-80340831\" class=\"col medium-6 small-12 large-6\"  >\n\t\t\t\t<div class=\"col-inner\"  >\n\t\t\t\n\t\t\t\n\n<h3>Application Mobile pour Android<\/h3>\n<p>Vous pouvez t\u00e9l\u00e9chargez tr\u00e8s prochainement notre application.<\/p>\n<a class=\"button primary\" >\n\t\t<span>PLAY STORE<\/span>\n\t<\/a>\n\n\n\n\t\t<\/div>\n\t\t\t\t\t<\/div>\n\n\t\n\n<\/div>\n\n\t\t<\/div>\n\n\t\t\n<style>\n#section_373757473 {\n  padding-top: 50px;\n  padding-bottom: 50px;\n  background-color: rgb(233, 233, 233);\n}\n<\/style>\n\t<\/section>","protected":false},"excerpt":{"rendered":"","protected":false},"author":1,"featured_media":18,"parent":0,"menu_order":1,"comment_status":"closed","ping_status":"closed","template":"page-blank.php","meta":{"footnotes":""},"class_list":["post-1019","page","type-page","status-publish","has-post-thumbnail","hentry"],"jetpack_sharing_enabled":true,"_links":{"self":[{"href":"https:\/\/vpick.ch\/en\/wp-json\/wp\/v2\/pages\/1019","targetHints":{"allow":["GET"]}}],"collection":[{"href":"https:\/\/vpick.ch\/en\/wp-json\/wp\/v2\/pages"}],"about":[{"href":"https:\/\/vpick.ch\/en\/wp-json\/wp\/v2\/types\/page"}],"author":[{"embeddable":true,"href":"https:\/\/vpick.ch\/en\/wp-json\/wp\/v2\/users\/1"}],"replies":[{"embeddable":true,"href":"https:\/\/vpick.ch\/en\/wp-json\/wp\/v2\/comments?post=1019"}],"version-history":[{"count":2,"href":"https:\/\/vpick.ch\/en\/wp-json\/wp\/v2\/pages\/1019\/revisions"}],"predecessor-version":[{"id":1023,"href":"https:\/\/vpick.ch\/en\/wp-json\/wp\/v2\/pages\/1019\/revisions\/1023"}],"wp:featuredmedia":[{"embeddable":true,"href":"https:\/\/vpick.ch\/en\/wp-json\/wp\/v2\/media\/18"}],"wp:attachment":[{"href":"https:\/\/vpick.ch\/en\/wp-json\/wp\/v2\/media?parent=1019"}],"curies":[{"name":"wp","href":"https:\/\/api.w.org\/{rel}","templated":true}]}}